{"id":12,"date":"2024-03-27T08:59:41","date_gmt":"2024-03-27T11:59:41","guid":{"rendered":"https:\/\/radiocurraisnovosfm.com.br\/?page_id=12"},"modified":"2026-04-13T16:38:47","modified_gmt":"2026-04-13T19:38:47","slug":"programacao","status":"publish","type":"page","link":"https:\/\/radiocurraisnovosfm.com.br\/?page_id=12","title":{"rendered":"Programa\u00e7\u00e3o"},"content":{"rendered":"\n<style>\n    .prog-container { padding: 40px 0; background: #f9f9f9; }\n    .day-title { \n        border-left: 5px solid #18d26e; \n        padding-left: 15px; \n        margin-bottom: 30px; \n        font-weight: 700;\n        color: #333;\n    }\n    .prog-card {\n        background: #fff;\n        border-radius: 8px;\n        padding: 20px;\n        margin-bottom: 20px;\n        box-shadow: 0 4px 10px rgba(0,0,0,0.05);\n        transition: 0.3s;\n        border-left: 0px solid #18d26e;\n    }\n    .prog-card:hover {\n        transform: translateY(-5px);\n        border-left: 5px solid #18d26e;\n        box-shadow: 0 6px 15px rgba(0,0,0,0.1);\n    }\n    .prog-time {\n        font-size: 0.9rem;\n        color: #18d26e;\n        font-weight: bold;\n        display: block;\n        margin-bottom: 5px;\n    }\n    .prog-name {\n        font-size: 1.2rem;\n        color: #222;\n        font-weight: 600;\n        text-transform: uppercase;\n    }\n<\/style>\n\n<div class=\"container prog-container\">\n    <h2 class=\"day-title\">Segunda a Sexta<\/h2>\n    \n    <div class=\"row\">\n        <div class=\"col-md-4 col-sm-6\">\n            <div class=\"prog-card\">\n                <span class=\"prog-time\"><i class=\"fa fa-clock-o\"><\/i> 05:00 \u00e0s 07:00<\/span>\n                <div class=\"prog-name\">Bom Dia Margot<\/div>\n            <\/div>\n        <\/div>\n\n        <div class=\"col-md-4 col-sm-6\">\n            <div class=\"prog-card\">\n                <span class=\"prog-time\"><i class=\"fa fa-clock-o\"><\/i> 07:00 \u00e0s 08:00<\/span>\n                <div class=\"prog-name\">Caf\u00e9 com Not\u00edcias<\/div>\n            <\/div>\n        <\/div>\n\n        <div class=\"col-md-4 col-sm-6\">\n            <div class=\"prog-card\">\n                <span class=\"prog-time\"><i class=\"fa fa-clock-o\"><\/i> 08:00 \u00e0s 11:00<\/span>\n                <div class=\"prog-name\">Bom D+<\/div>\n            <\/div>\n        <\/div>\n\n        <div class=\"col-md-4 col-sm-6\">\n            <div class=\"prog-card\">\n                <span class=\"prog-time\"><i class=\"fa fa-clock-o\"><\/i> 11:00 \u00e0s 12:00<\/span>\n                <div class=\"prog-name\">Cidade Alerta<\/div>\n            <\/div>\n        <\/div>\n\n        <div class=\"col-md-4 col-sm-6\">\n            <div class=\"prog-card\">\n                <span class=\"prog-time\"><i class=\"fa fa-clock-o\"><\/i> 12:00 \u00e0s 13:00<\/span>\n                <div class=\"prog-name\">Comando Geral<\/div>\n            <\/div>\n        <\/div>\n\n        <div class=\"col-md-4 col-sm-6\">\n            <div class=\"prog-card\">\n                <span class=\"prog-time\"><i class=\"fa fa-clock-o\"><\/i> 13:00 \u00e0s 13:45<\/span>\n                <div class=\"prog-name\">Toque de Bola<\/div>\n            <\/div>\n        <\/div>\n        \n        <div class=\"col-md-4 col-sm-6\">\n            <div class=\"prog-card\">\n                <span class=\"prog-time\"><i class=\"fa fa-clock-o\"><\/i> 16:30 \u00e0s 18:00<\/span>\n                <div class=\"prog-name\">Forr\u00f3 do Poeta<\/div>\n            <\/div>\n        <\/div>\n\n    <\/div>\n<\/div>\n\n\n\n<p><\/p>\n","protected":false},"excerpt":{"rendered":"<p>Segunda a Sexta 05:00 \u00e0s 07:00 Bom Dia Margot 07:00 \u00e0s 08:00 Caf\u00e9 com Not\u00edcias 08:00 \u00e0s 11:00 Bom D+ 11:00 \u00e0s 12:00 Cidade Alerta 12:00 \u00e0s 13:00 Comando Geral 13:00 \u00e0s 13:45 Toque de Bola 16:30 \u00e0s 18:00 Forr\u00f3 do Poeta<\/p>\n","protected":false},"author":1,"featured_media":0,"parent":0,"menu_order":0,"comment_status":"closed","ping_status":"closed","template":"","meta":{"footnotes":""},"class_list":["post-12","page","type-page","status-publish","hentry"],"_links":{"self":[{"href":"https:\/\/radiocurraisnovosfm.com.br\/index.php?rest_route=\/wp\/v2\/pages\/12","targetHints":{"allow":["GET"]}}],"collection":[{"href":"https:\/\/radiocurraisnovosfm.com.br\/index.php?rest_route=\/wp\/v2\/pages"}],"about":[{"href":"https:\/\/radiocurraisnovosfm.com.br\/index.php?rest_route=\/wp\/v2\/types\/page"}],"author":[{"embeddable":true,"href":"https:\/\/radiocurraisnovosfm.com.br\/index.php?rest_route=\/wp\/v2\/users\/1"}],"replies":[{"embeddable":true,"href":"https:\/\/radiocurraisnovosfm.com.br\/index.php?rest_route=%2Fwp%2Fv2%2Fcomments&post=12"}],"version-history":[{"count":4,"href":"https:\/\/radiocurraisnovosfm.com.br\/index.php?rest_route=\/wp\/v2\/pages\/12\/revisions"}],"predecessor-version":[{"id":18,"href":"https:\/\/radiocurraisnovosfm.com.br\/index.php?rest_route=\/wp\/v2\/pages\/12\/revisions\/18"}],"wp:attachment":[{"href":"https:\/\/radiocurraisnovosfm.com.br\/index.php?rest_route=%2Fwp%2Fv2%2Fmedia&parent=12"}],"curies":[{"name":"wp","href":"https:\/\/api.w.org\/{rel}","templated":true}]}}